{"id":755,"date":"2021-06-21T10:14:11","date_gmt":"2021-06-21T07:14:11","guid":{"rendered":"https:\/\/www.zakumuizaspamatskola.lv\/pirmsskola\/?page_id=755"},"modified":"2026-05-10T19:44:19","modified_gmt":"2026-05-10T19:44:19","slug":"edinasana","status":"publish","type":"page","link":"https:\/\/www.zakumuizaspamatskola.lv\/pirmsskola\/edinasana\/","title":{"rendered":"\u0112din\u0101\u0161ana"},"content":{"rendered":"<h3><\/h3>\n<h3><\/h3>\n<h3><\/h3>\n<h3><\/h3>\n<h3><\/h3>\n<h3 style=\"text-align: center\">\u0112dienkartes pirmsskol\u0101<br \/>\nno 11. &#8211; 15.maijam:<\/h3>\n<p>&nbsp;<\/p>\n<p style=\"text-align: center\"><a href=\"https:\/\/drive.google.com\/file\/d\/1RPviplB3jiyrYymS7mqNyqSFaEnvYrb1\/view?usp=drive_link\" target=\"_blank\" rel=\"noopener\">\u0112dienkarte 1-2 gadu vecuma grup\u0101m<\/a><\/p>\n<p style=\"text-align: center\"><a href=\"https:\/\/drive.google.com\/file\/d\/1FYWYn0P0P0bYuoO3P7XFDQzv6FOpg75j\/view?usp=drive_link\" target=\"_blank\" rel=\"noopener\">\u0112dienkarte 3-6 gadu vecuma grup\u0101m<\/a><\/p>\n<p style=\"text-align: center\"><a href=\"https:\/\/drive.google.com\/file\/d\/1-4O4Ts-z6QehgrC1j6zIvjHHyJ_RopBm\/view?usp=drive_link\" target=\"_blank\" rel=\"noopener\">Ve\u0123et\u0101r\u0101 \u0113dienkarte 3-6 gadu vecuma grup\u0101m<\/a><\/p>\n<p style=\"text-align: center\"><a href=\"https:\/\/drive.google.com\/file\/d\/1WMgDUNvXB0XJYC1yrIZvC0xoa8_WL2kp\/view?usp=drive_link\" target=\"_blank\" rel=\"noopener\">Di\u0113tas (piens) \u0113dienkarte 3-6 gadu vecuma grup\u0101m<\/a><\/p>\n<p>&nbsp;<\/p>\n<p>&nbsp;<\/p>\n<p>&nbsp;<\/p>\n<p>\u0112din\u0101\u0161anas pakalpojumus nodro\u0161ina SIA \u201cIRG\u201d<\/p>\n<p><strong>Sazi\u0146ai:<\/strong><\/p>\n<p>e-pasts: info@irg.lv<\/p>\n<p>mob. t\u0101lr. 25423879<\/p>\n<p>&nbsp;<\/p>\n","protected":false},"excerpt":{"rendered":"<p>\u0112dienkartes pirmsskol\u0101 no 11. &#8211; 15.maijam: &nbsp; \u0112dienkarte 1-2 gadu vecuma grup\u0101m \u0112dienkarte 3-6 gadu vecuma grup\u0101m Ve\u0123et\u0101r\u0101 \u0113dienkarte 3-6 gadu vecuma grup\u0101m Di\u0113tas (piens) \u0113dienkarte 3-6 gadu vecuma grup\u0101m &nbsp; &nbsp; &nbsp; \u0112din\u0101\u0161anas pakalpojumus nodro\u0161ina SIA \u201cIRG\u201d Sazi\u0146ai: e-pasts: info@irg.lv mob. t\u0101lr. 25423879 &nbsp;<\/p>\n","protected":false},"author":1,"featured_media":2171,"parent":0,"menu_order":0,"comment_status":"closed","ping_status":"closed","template":"","meta":{"_acf_changed":false,"footnotes":""},"class_list":["post-755","page","type-page","status-publish","has-post-thumbnail","hentry"],"acf":[],"_links":{"self":[{"href":"https:\/\/www.zakumuizaspamatskola.lv\/pirmsskola\/wp-json\/wp\/v2\/pages\/755","targetHints":{"allow":["GET"]}}],"collection":[{"href":"https:\/\/www.zakumuizaspamatskola.lv\/pirmsskola\/wp-json\/wp\/v2\/pages"}],"about":[{"href":"https:\/\/www.zakumuizaspamatskola.lv\/pirmsskola\/wp-json\/wp\/v2\/types\/page"}],"author":[{"embeddable":true,"href":"https:\/\/www.zakumuizaspamatskola.lv\/pirmsskola\/wp-json\/wp\/v2\/users\/1"}],"replies":[{"embeddable":true,"href":"https:\/\/www.zakumuizaspamatskola.lv\/pirmsskola\/wp-json\/wp\/v2\/comments?post=755"}],"version-history":[{"count":8,"href":"https:\/\/www.zakumuizaspamatskola.lv\/pirmsskola\/wp-json\/wp\/v2\/pages\/755\/revisions"}],"predecessor-version":[{"id":2421,"href":"https:\/\/www.zakumuizaspamatskola.lv\/pirmsskola\/wp-json\/wp\/v2\/pages\/755\/revisions\/2421"}],"wp:featuredmedia":[{"embeddable":true,"href":"https:\/\/www.zakumuizaspamatskola.lv\/pirmsskola\/wp-json\/wp\/v2\/media\/2171"}],"wp:attachment":[{"href":"https:\/\/www.zakumuizaspamatskola.lv\/pirmsskola\/wp-json\/wp\/v2\/media?parent=755"}],"curies":[{"name":"wp","href":"https:\/\/api.w.org\/{rel}","templated":true}]}}