{"id":202,"date":"2021-06-03T12:01:40","date_gmt":"2021-06-03T09:01:40","guid":{"rendered":"https:\/\/www.zakumuizaspamatskola.lv\/pirmsskola\/?page_id=202"},"modified":"2026-04-13T05:59:10","modified_gmt":"2026-04-13T05:59:10","slug":"skolas-telpas-vides","status":"publish","type":"page","link":"https:\/\/www.zakumuizaspamatskola.lv\/pirmsskola\/par-skolu\/skolas-telpas-vides\/","title":{"rendered":"M\u016bsu vide"},"content":{"rendered":"<p>M\u016bsdien\u012bga un sakopta vide,\u00a0 kur b\u0113rni var apg\u016bt jaunas zin\u0101\u0161anas, izzin\u0101t dabu un att\u012bst\u012bt rado\u0161\u0101s un kust\u012bbu prasmes, piem\u0113rota akt\u012bvai atp\u016btai, priekam un piedz\u012bvojumiem \u2013 ar sportisk\u0101m aktivit\u0101t\u0113m svaig\u0101 gais\u0101, m\u016bzikas estr\u0101di koncertiem, sv\u0113tkiem un sirsn\u012bgiem pas\u0101kumiem.<\/p>\n<p>&nbsp;<\/p>\n","protected":false},"excerpt":{"rendered":"<p>M\u016bsdien\u012bga un sakopta vide,\u00a0 kur b\u0113rni var apg\u016bt jaunas zin\u0101\u0161anas, izzin\u0101t dabu un att\u012bst\u012bt rado\u0161\u0101s un kust\u012bbu prasmes, piem\u0113rota akt\u012bvai atp\u016btai, priekam un piedz\u012bvojumiem \u2013 ar sportisk\u0101m aktivit\u0101t\u0113m svaig\u0101 gais\u0101, m\u016bzikas estr\u0101di koncertiem, sv\u0113tkiem un sirsn\u012bgiem pas\u0101kumiem. &nbsp;<\/p>\n","protected":false},"author":1,"featured_media":0,"parent":140,"menu_order":4,"comment_status":"closed","ping_status":"closed","template":"","meta":{"_acf_changed":false,"footnotes":""},"class_list":["post-202","page","type-page","status-publish","hentry"],"acf":[],"_links":{"self":[{"href":"https:\/\/www.zakumuizaspamatskola.lv\/pirmsskola\/wp-json\/wp\/v2\/pages\/202","targetHints":{"allow":["GET"]}}],"collection":[{"href":"https:\/\/www.zakumuizaspamatskola.lv\/pirmsskola\/wp-json\/wp\/v2\/pages"}],"about":[{"href":"https:\/\/www.zakumuizaspamatskola.lv\/pirmsskola\/wp-json\/wp\/v2\/types\/page"}],"author":[{"embeddable":true,"href":"https:\/\/www.zakumuizaspamatskola.lv\/pirmsskola\/wp-json\/wp\/v2\/users\/1"}],"replies":[{"embeddable":true,"href":"https:\/\/www.zakumuizaspamatskola.lv\/pirmsskola\/wp-json\/wp\/v2\/comments?post=202"}],"version-history":[{"count":6,"href":"https:\/\/www.zakumuizaspamatskola.lv\/pirmsskola\/wp-json\/wp\/v2\/pages\/202\/revisions"}],"predecessor-version":[{"id":2354,"href":"https:\/\/www.zakumuizaspamatskola.lv\/pirmsskola\/wp-json\/wp\/v2\/pages\/202\/revisions\/2354"}],"up":[{"embeddable":true,"href":"https:\/\/www.zakumuizaspamatskola.lv\/pirmsskola\/wp-json\/wp\/v2\/pages\/140"}],"wp:attachment":[{"href":"https:\/\/www.zakumuizaspamatskola.lv\/pirmsskola\/wp-json\/wp\/v2\/media?parent=202"}],"curies":[{"name":"wp","href":"https:\/\/api.w.org\/{rel}","templated":true}]}}