{"id":170,"date":"2021-06-02T15:52:44","date_gmt":"2021-06-02T12:52:44","guid":{"rendered":"https:\/\/www.zakumuizaspamatskola.lv\/pirmsskola\/?page_id=170"},"modified":"2026-04-23T06:50:53","modified_gmt":"2026-04-23T06:50:53","slug":"musu-komanda","status":"publish","type":"page","link":"https:\/\/www.zakumuizaspamatskola.lv\/pirmsskola\/par-skolu\/musu-komanda\/","title":{"rendered":"M\u016bsu komanda"},"content":{"rendered":"<section class=\"text-token-text-primary w-full focus:outline-none [--shadow-height:45px] has-data-writing-block:pointer-events-none has-data-writing-block:-mt-(--shadow-height) has-data-writing-block:pt-(--shadow-height) [&amp;:has([data-writing-block])&gt;*]:pointer-events-auto R6Vx5W_threadScrollVars scroll-mb-[calc(var(--scroll-root-safe-area-inset-bottom,0px)+var(--thread-response-height))] scroll-mt-(--header-height)\" dir=\"auto\" data-turn-id=\"2afe7031-05fd-40cd-af51-5d918d759815\" data-testid=\"conversation-turn-3\" data-scroll-anchor=\"false\" data-turn=\"user\"><\/section>\n<section class=\"text-token-text-primary w-full focus:outline-none [--shadow-height:45px] has-data-writing-block:pointer-events-none has-data-writing-block:-mt-(--shadow-height) has-data-writing-block:pt-(--shadow-height) [&amp;:has([data-writing-block])&gt;*]:pointer-events-auto [content-visibility:auto] supports-[content-visibility:auto]:[contain-intrinsic-size:auto_100lvh] R6Vx5W_threadScrollVars scroll-mb-[calc(var(--scroll-root-safe-area-inset-bottom,0px)+var(--thread-response-height))] scroll-mt-[calc(var(--header-height)+min(200px,max(70px,20svh)))]\" dir=\"auto\" data-turn-id=\"request-WEB:781584ce-1413-4132-85be-9f3c5e7fe5c1-19\" data-testid=\"conversation-turn-4\" data-scroll-anchor=\"false\" data-turn=\"assistant\">\n<div class=\"text-base my-auto mx-auto pb-10 [--thread-content-margin:var(--thread-content-margin-xs,calc(var(--spacing)*4))] @w-sm\/main:[--thread-content-margin:var(--thread-content-margin-sm,calc(var(--spacing)*6))] @w-lg\/main:[--thread-content-margin:var(--thread-content-margin-lg,calc(var(--spacing)*16))] px-(--thread-content-margin)\">\n<div class=\"[--thread-content-max-width:40rem] @w-lg\/main:[--thread-content-max-width:48rem] mx-auto max-w-(--thread-content-max-width) flex-1 group\/turn-messages focus-visible:outline-hidden relative flex w-full min-w-0 flex-col agent-turn\">\n<div class=\"flex max-w-full flex-col gap-4 grow\">\n<div class=\"min-h-8 text-message relative flex w-full flex-col items-end gap-2 text-start break-words whitespace-normal outline-none keyboard-focused:focus-ring [.text-message+&amp;]:mt-1\" dir=\"auto\" data-message-author-role=\"assistant\" data-message-id=\"d1db29be-effa-460a-beb3-86e6b486934f\" data-message-model-slug=\"gpt-5-3\" data-turn-start-message=\"true\">\n<div class=\"flex w-full flex-col gap-1 empty:hidden\">\n<div class=\"markdown prose dark:prose-invert w-full wrap-break-word light markdown-new-styling\">\n<p data-start=\"0\" data-end=\"364\" data-is-last-node=\"\" data-is-only-node=\"\">Izgl\u012bt\u012bbas iest\u0101d\u0113 str\u0101d\u0101 profesion\u0101la, rado\u0161a un atbild\u012bga pedagogu un darbinieku komanda, kas m\u0113r\u0137tiec\u012bgi atbalsta katra b\u0113rna individu\u0101lo att\u012bst\u012bbu. Pedagogu darb\u012bba balst\u012bta b\u0113rna vajadz\u012bb\u0101s centr\u0113t\u0101 pieej\u0101, nodro\u0161inot dro\u0161u, emocion\u0101li labv\u0113l\u012bgu un att\u012bsto\u0161u vidi pirmsskol\u0101. Tiek sekm\u0113ta cie\u0146pilna sadarb\u012bba ar \u0123imeni, lai veicin\u0101tu b\u0113rna vispus\u012bgu izaugsmi.<\/p>\n<\/div>\n<\/div>\n<\/div>\n<\/div>\n<\/div>\n<\/div>\n<\/section>\n","protected":false},"excerpt":{"rendered":"<p>Izgl\u012bt\u012bbas iest\u0101d\u0113 str\u0101d\u0101 profesion\u0101la, rado\u0161a un atbild\u012bga pedagogu un darbinieku komanda, kas m\u0113r\u0137tiec\u012bgi atbalsta katra b\u0113rna individu\u0101lo att\u012bst\u012bbu. Pedagogu darb\u012bba balst\u012bta b\u0113rna vajadz\u012bb\u0101s centr\u0113t\u0101 pieej\u0101, nodro\u0161inot dro\u0161u, emocion\u0101li labv\u0113l\u012bgu un att\u012bsto\u0161u vidi pirmsskol\u0101. Tiek sekm\u0113ta cie\u0146pilna sadarb\u012bba ar \u0123imeni, lai veicin\u0101tu b\u0113rna vispus\u012bgu izaugsmi.<\/p>\n","protected":false},"author":1,"featured_media":0,"parent":140,"menu_order":3,"comment_status":"closed","ping_status":"closed","template":"","meta":{"_acf_changed":false,"footnotes":""},"class_list":["post-170","page","type-page","status-publish","hentry"],"acf":[],"_links":{"self":[{"href":"https:\/\/www.zakumuizaspamatskola.lv\/pirmsskola\/wp-json\/wp\/v2\/pages\/170","targetHints":{"allow":["GET"]}}],"collection":[{"href":"https:\/\/www.zakumuizaspamatskola.lv\/pirmsskola\/wp-json\/wp\/v2\/pages"}],"about":[{"href":"https:\/\/www.zakumuizaspamatskola.lv\/pirmsskola\/wp-json\/wp\/v2\/types\/page"}],"author":[{"embeddable":true,"href":"https:\/\/www.zakumuizaspamatskola.lv\/pirmsskola\/wp-json\/wp\/v2\/users\/1"}],"replies":[{"embeddable":true,"href":"https:\/\/www.zakumuizaspamatskola.lv\/pirmsskola\/wp-json\/wp\/v2\/comments?post=170"}],"version-history":[{"count":6,"href":"https:\/\/www.zakumuizaspamatskola.lv\/pirmsskola\/wp-json\/wp\/v2\/pages\/170\/revisions"}],"predecessor-version":[{"id":2384,"href":"https:\/\/www.zakumuizaspamatskola.lv\/pirmsskola\/wp-json\/wp\/v2\/pages\/170\/revisions\/2384"}],"up":[{"embeddable":true,"href":"https:\/\/www.zakumuizaspamatskola.lv\/pirmsskola\/wp-json\/wp\/v2\/pages\/140"}],"wp:attachment":[{"href":"https:\/\/www.zakumuizaspamatskola.lv\/pirmsskola\/wp-json\/wp\/v2\/media?parent=170"}],"curies":[{"name":"wp","href":"https:\/\/api.w.org\/{rel}","templated":true}]}}