{"id":140,"date":"2021-05-31T18:29:04","date_gmt":"2021-05-31T15:29:04","guid":{"rendered":"https:\/\/www.zakumuizaspamatskola.lv\/pirmsskola\/?page_id=140"},"modified":"2026-04-23T12:40:51","modified_gmt":"2026-04-23T12:40:51","slug":"par-skolu","status":"publish","type":"page","link":"https:\/\/www.zakumuizaspamatskola.lv\/pirmsskola\/par-skolu\/","title":{"rendered":"Par pirmsskolu"},"content":{"rendered":"<p>Za\u0137umui\u017eas pamatskolas pirmsskola atrodas dabas ieskaut\u0101 teritorij\u0101, kur daba k\u013c\u016bst par noz\u012bm\u012bgu m\u0101c\u012bbu vidi. Ikdien\u0101 tiek \u012bstenota daudzveid\u012bga \u0101ra vides izgl\u012bt\u012bba, kas veicina b\u0113rnu fizisko aktivit\u0101ti, vesel\u012bgus paradumus, izzi\u0146u un emocion\u0101lo labb\u016bt\u012bbu.<\/p>\n<p>M\u0101c\u012bbu un audzin\u0101\u0161anas procesu nodro\u0161ina profesion\u0101li pedagogi un skolot\u0101ju pal\u012bgi, \u012bstenojot individu\u0101lu pieeju katram b\u0113rnam un sadarbojoties ar atbalsta person\u0101lu. Neliel\u0101s grupi\u0146as \u013cauj m\u0113r\u0137tiec\u012bgi atbalst\u012bt katra b\u0113rna att\u012bst\u012bbu.<\/p>\n<p>Sadarb\u012bb\u0101 ar Za\u0137umui\u017eas bibliot\u0113ku, sporta z\u0101li un pied\u0101v\u0101jot intere\u0161u izgl\u012bt\u012bbu (m\u016bzika, keramikas polci\u0146\u0161, basketbols, c\u012b\u0146as m\u0101ksla, ang\u013cu valoda), tiek veicin\u0101ta b\u0113rnu daudzpus\u012bga att\u012bst\u012bba un talantu izkop\u0161ana. Iest\u0101d\u0113 tiek \u012bstenotas ar\u012b b\u0113rnu dro\u0161\u012bbu un labb\u016bt\u012bbu stiprino\u0161as programmas (D\u017eimbas skola, B\u0113rniem dro\u0161s un draudz\u012bgs b\u0113rnud\u0101rzs).<\/p>\n<p>Pirmsskola ir vieta, kur b\u0113rns j\u016btas gaid\u012bts, sadzird\u0113ts un iedvesmots augt un atkl\u0101t pasauli.<\/p>\n","protected":false},"excerpt":{"rendered":"<p>Za\u0137umui\u017eas pamatskolas pirmsskola atrodas dabas ieskaut\u0101 teritorij\u0101, kur daba k\u013c\u016bst par noz\u012bm\u012bgu m\u0101c\u012bbu vidi. Ikdien\u0101 tiek \u012bstenota daudzveid\u012bga \u0101ra vides izgl\u012bt\u012bba, kas veicina b\u0113rnu fizisko aktivit\u0101ti, vesel\u012bgus paradumus, izzi\u0146u un emocion\u0101lo labb\u016bt\u012bbu. M\u0101c\u012bbu un audzin\u0101\u0161anas procesu nodro\u0161ina profesion\u0101li pedagogi un skolot\u0101ju pal\u012bgi, \u012bstenojot individu\u0101lu pieeju katram b\u0113rnam un sadarbojoties ar atbalsta person\u0101lu. Neliel\u0101s grupi\u0146as \u013cauj [&hellip;]<\/p>\n","protected":false},"author":1,"featured_media":2411,"parent":0,"menu_order":2,"comment_status":"closed","ping_status":"closed","template":"templates\/about-us-template.php","meta":{"_acf_changed":false,"footnotes":""},"class_list":["post-140","page","type-page","status-publish","has-post-thumbnail","hentry"],"acf":[],"_links":{"self":[{"href":"https:\/\/www.zakumuizaspamatskola.lv\/pirmsskola\/wp-json\/wp\/v2\/pages\/140","targetHints":{"allow":["GET"]}}],"collection":[{"href":"https:\/\/www.zakumuizaspamatskola.lv\/pirmsskola\/wp-json\/wp\/v2\/pages"}],"about":[{"href":"https:\/\/www.zakumuizaspamatskola.lv\/pirmsskola\/wp-json\/wp\/v2\/types\/page"}],"author":[{"embeddable":true,"href":"https:\/\/www.zakumuizaspamatskola.lv\/pirmsskola\/wp-json\/wp\/v2\/users\/1"}],"replies":[{"embeddable":true,"href":"https:\/\/www.zakumuizaspamatskola.lv\/pirmsskola\/wp-json\/wp\/v2\/comments?post=140"}],"version-history":[{"count":6,"href":"https:\/\/www.zakumuizaspamatskola.lv\/pirmsskola\/wp-json\/wp\/v2\/pages\/140\/revisions"}],"predecessor-version":[{"id":2414,"href":"https:\/\/www.zakumuizaspamatskola.lv\/pirmsskola\/wp-json\/wp\/v2\/pages\/140\/revisions\/2414"}],"wp:featuredmedia":[{"embeddable":true,"href":"https:\/\/www.zakumuizaspamatskola.lv\/pirmsskola\/wp-json\/wp\/v2\/media\/2411"}],"wp:attachment":[{"href":"https:\/\/www.zakumuizaspamatskola.lv\/pirmsskola\/wp-json\/wp\/v2\/media?parent=140"}],"curies":[{"name":"wp","href":"https:\/\/api.w.org\/{rel}","templated":true}]}}